{"id":38,"date":"2014-11-24T17:01:32","date_gmt":"2014-11-24T16:01:32","guid":{"rendered":"http:\/\/nolteva.univ-tln.fr\/?page_id=38"},"modified":"2015-02-09T13:03:45","modified_gmt":"2015-02-09T12:03:45","slug":"accueil","status":"publish","type":"page","link":"https:\/\/nolteva.univ-tln.fr\/","title":{"rendered":"Accueil"},"content":{"rendered":"<h1 style=\"text-align: center;\"><strong><em>Normes linguistiques\u00a0et textuelles : \u00e9mergence, variations, conflits<\/em><\/strong><\/h1>\n<p style=\"text-align: center;\"><strong>Colloque international organis\u00e9 par\u00a0groupe de recherche S\u00e9LeDis  de l&rsquo;EA 2649 BABEL, \u00e9quipe \u201cS\u00e9mantique, \u00e9nonciation, traduction\u201d<br \/>\n<\/strong><\/p>\n<p style=\"text-align: center;\"><strong>Universit\u00e9 de Toulon les 26 et 27 Mars 2015<\/strong><\/p>\n<p style=\"text-align: center;\">\u00ab\u00a0La norme ne peut \u00eatre pens\u00e9e qu&rsquo;historiquement,<br \/>\nen rapport avec les processus qui la mettent en \u0153uvre\u00a0\u00bb (Macherey 2009 : 91)<\/p>\n<p>&nbsp;<\/p>\n<p><strong>Lieu du colloque\u00a0<\/strong>:<\/p>\n<p>Universit\u00e9 de Toulon,<br \/>\nCampus de La Garde,<br \/>\nUFR de Lettres et sciences humaines,<br \/>\nav. de l&rsquo;Universit\u00e9,<br \/>\n83957 La Garde cedex<\/p>\n","protected":false},"excerpt":{"rendered":"<p>Normes linguistiques\u00a0et textuelles : \u00e9mergence, variations, conflits Colloque international organis\u00e9 par\u00a0groupe de recherche S\u00e9LeDis de l&rsquo;EA 2649 BABEL, \u00e9quipe \u201cS\u00e9mantique, \u00e9nonciation, traduction\u201d Universit\u00e9 de Toulon les 26 et 27 Mars 2015 \u00ab\u00a0La norme ne peut \u00eatre pens\u00e9e qu&rsquo;historiquement, en rapport avec les processus qui la mettent en \u0153uvre\u00a0\u00bb (Macherey 2009 : 91) &nbsp; Lieu du [&hellip;]<\/p>\n","protected":false},"author":1,"featured_media":0,"parent":0,"menu_order":0,"comment_status":"closed","ping_status":"closed","template":"","meta":{"footnotes":""},"class_list":["post-38","page","type-page","status-publish","hentry"],"_links":{"self":[{"href":"https:\/\/nolteva.univ-tln.fr\/index.php?rest_route=\/wp\/v2\/pages\/38","targetHints":{"allow":["GET"]}}],"collection":[{"href":"https:\/\/nolteva.univ-tln.fr\/index.php?rest_route=\/wp\/v2\/pages"}],"about":[{"href":"https:\/\/nolteva.univ-tln.fr\/index.php?rest_route=\/wp\/v2\/types\/page"}],"author":[{"embeddable":true,"href":"https:\/\/nolteva.univ-tln.fr\/index.php?rest_route=\/wp\/v2\/users\/1"}],"replies":[{"embeddable":true,"href":"https:\/\/nolteva.univ-tln.fr\/index.php?rest_route=%2Fwp%2Fv2%2Fcomments&post=38"}],"version-history":[{"count":4,"href":"https:\/\/nolteva.univ-tln.fr\/index.php?rest_route=\/wp\/v2\/pages\/38\/revisions"}],"predecessor-version":[{"id":50,"href":"https:\/\/nolteva.univ-tln.fr\/index.php?rest_route=\/wp\/v2\/pages\/38\/revisions\/50"}],"wp:attachment":[{"href":"https:\/\/nolteva.univ-tln.fr\/index.php?rest_route=%2Fwp%2Fv2%2Fmedia&parent=38"}],"curies":[{"name":"wp","href":"https:\/\/api.w.org\/{rel}","templated":true}]}}